{"id":620,"date":"2021-01-31T17:11:53","date_gmt":"2021-01-31T16:11:53","guid":{"rendered":"http:\/\/rebootcoaching.eu\/?page_id=620"},"modified":"2022-01-11T15:46:07","modified_gmt":"2022-01-11T14:46:07","slug":"laisser-un-temoignage","status":"publish","type":"page","link":"https:\/\/rebootcoaching.eu\/index.php\/laisser-un-temoignage\/","title":{"rendered":"T\u00e9moignages"},"content":{"rendered":"<p>Vous pouvez partager votre t\u00e9moignage par le formulaire ci-dessous ou directement par email \u00e0 <a href=\"mailto:k.taffah@rebootcoaching.eu\" target=\"_blank\" rel=\"noopener noreferrer\">k.taffah@rebootcoaching.eu<\/a>, merci d&#8217;avance !<\/p>\n<div class=\"wpforms-container wpforms-container-full\" id=\"wpforms-372\"><form id=\"wpforms-form-372\" class=\"wpforms-validate wpforms-form\" data-formid=\"372\" method=\"post\" enctype=\"multipart\/form-data\" action=\"\/index.php\/wp-json\/wp\/v2\/pages\/620\" data-token=\"086f384df4f829fe88a4b2b689a7080a\"><noscript class=\"wpforms-error-noscript\">Please enable JavaScript in your browser to complete this form.<\/noscript><div class=\"wpforms-field-container\"><div id=\"wpforms-372-field_5-container\" class=\"wpforms-field wpforms-field-name\" data-field-id=\"5\"><label class=\"wpforms-field-label\" for=\"wpforms-372-field_5\">Nom<\/label><div class=\"wpforms-field-row wpforms-field-medium\"><div class=\"wpforms-field-row-block wpforms-first wpforms-one-half\"><input type=\"text\" id=\"wpforms-372-field_5\" class=\"wpforms-field-name-first\" name=\"wpforms[fields][5][first]\" placeholder=\"Pr\u00e9nom\" ><label for=\"wpforms-372-field_5\" class=\"wpforms-field-sublabel after wpforms-sublabel-hide\">First<\/label><\/div><div class=\"wpforms-field-row-block wpforms-one-half\"><input type=\"text\" id=\"wpforms-372-field_5-last\" class=\"wpforms-field-name-last\" name=\"wpforms[fields][5][last]\" placeholder=\"Nom\" ><label for=\"wpforms-372-field_5-last\" class=\"wpforms-field-sublabel after wpforms-sublabel-hide\">Last<\/label><\/div><\/div><\/div><div id=\"wpforms-372-field_4-container\" class=\"wpforms-field wpforms-field-name\" data-field-id=\"4\"><label class=\"wpforms-field-label\" for=\"wpforms-372-field_4\">Fonction<\/label><input type=\"text\" id=\"wpforms-372-field_4\" class=\"wpforms-field-medium\" name=\"wpforms[fields][4]\" ><\/div><div id=\"wpforms-372-field_1-container\" class=\"wpforms-field wpforms-field-email\" data-field-id=\"1\"><label class=\"wpforms-field-label\" for=\"wpforms-372-field_1\">Email<\/label><input type=\"email\" id=\"wpforms-372-field_1\" class=\"wpforms-field-medium\" name=\"wpforms[fields][1]\" ><\/div><div id=\"wpforms-372-field_6-container\" class=\"wpforms-field wpforms-field-radio\" data-field-id=\"6\"><label class=\"wpforms-field-label\" for=\"wpforms-372-field_6\">Comment voulez-vous que votre t\u00e9moignage soit affich\u00e9 sur le site ? <span class=\"wpforms-required-label\">*<\/span><\/label><ul id=\"wpforms-372-field_6\" class=\"wpforms-field-required\"><li class=\"choice-1 depth-1\"><input type=\"radio\" id=\"wpforms-372-field_6_1\" name=\"wpforms[fields][6]\" value=\"Indiquer mon pr\u00e9nom &amp; fonction\" required ><label class=\"wpforms-field-label-inline\" for=\"wpforms-372-field_6_1\">Indiquer mon pr\u00e9nom &amp; fonction<\/label><\/li><li class=\"choice-2 depth-1\"><input type=\"radio\" id=\"wpforms-372-field_6_2\" name=\"wpforms[fields][6]\" value=\"De fa\u00e7on anonyme\" required ><label class=\"wpforms-field-label-inline\" for=\"wpforms-372-field_6_2\">De fa\u00e7on anonyme<\/label><\/li><li class=\"choice-3 depth-1\"><input type=\"radio\" id=\"wpforms-372-field_6_3\" name=\"wpforms[fields][6]\" value=\"Ne pas publier mon t\u00e9moignage sur le site\" required ><label class=\"wpforms-field-label-inline\" for=\"wpforms-372-field_6_3\">Ne pas publier mon t\u00e9moignage sur le site<\/label><\/li><\/ul><\/div><div id=\"wpforms-372-field_2-container\" class=\"wpforms-field wpforms-field-textarea\" data-field-id=\"2\"><label class=\"wpforms-field-label\" for=\"wpforms-372-field_2\">T\u00e9moignage <span class=\"wpforms-required-label\">*<\/span><\/label><textarea id=\"wpforms-372-field_2\" class=\"wpforms-field-medium wpforms-field-required wpforms-limit-characters-enabled\" data-form-id=\"372\" data-field-id=\"2\" data-text-limit=\"600\" name=\"wpforms[fields][2]\" maxlength=\"600\" required><\/textarea><\/div><\/div><div class=\"wpforms-field wpforms-field-hp\"><label for=\"wpforms-372-field-hp\" class=\"wpforms-field-label\">Name<\/label><input type=\"text\" name=\"wpforms[hp]\" id=\"wpforms-372-field-hp\" class=\"wpforms-field-medium\"><\/div><div class=\"wpforms-submit-container\" ><input type=\"hidden\" name=\"wpforms[id]\" value=\"372\"><input type=\"hidden\" name=\"wpforms[author]\" value=\"2\"><button type=\"submit\" name=\"wpforms[submit]\" class=\"wpforms-submit \" id=\"wpforms-submit-372\" value=\"wpforms-submit\" aria-live=\"assertive\" data-alt-text=\"Envoi en cours...\" data-submit-text=\"Envoyer mon t\u00e9moignage\">Envoyer mon t\u00e9moignage<\/button><\/div><\/form><\/div>  <!-- .wpforms-container -->\n","protected":false},"excerpt":{"rendered":"<p>Vous pouvez partager votre t\u00e9moignage par le formulaire ci-dessous ou directement par email \u00e0 k.taffah@rebootcoaching.eu, merci d&#8217;avance !<\/p>\n","protected":false},"author":2,"featured_media":0,"parent":0,"menu_order":0,"comment_status":"closed","ping_status":"closed","template":"","meta":{"_monsterinsights_skip_tracking":false,"_monsterinsights_sitenote_active":false,"_monsterinsights_sitenote_note":"","_monsterinsights_sitenote_category":0},"_links":{"self":[{"href":"https:\/\/rebootcoaching.eu\/index.php\/wp-json\/wp\/v2\/pages\/620"}],"collection":[{"href":"https:\/\/rebootcoaching.eu\/index.php\/wp-json\/wp\/v2\/pages"}],"about":[{"href":"https:\/\/rebootcoaching.eu\/index.php\/wp-json\/wp\/v2\/types\/page"}],"author":[{"embeddable":true,"href":"https:\/\/rebootcoaching.eu\/index.php\/wp-json\/wp\/v2\/users\/2"}],"replies":[{"embeddable":true,"href":"https:\/\/rebootcoaching.eu\/index.php\/wp-json\/wp\/v2\/comments?post=620"}],"version-history":[{"count":8,"href":"https:\/\/rebootcoaching.eu\/index.php\/wp-json\/wp\/v2\/pages\/620\/revisions"}],"predecessor-version":[{"id":1384,"href":"https:\/\/rebootcoaching.eu\/index.php\/wp-json\/wp\/v2\/pages\/620\/revisions\/1384"}],"wp:attachment":[{"href":"https:\/\/rebootcoaching.eu\/index.php\/wp-json\/wp\/v2\/media?parent=620"}],"curies":[{"name":"wp","href":"https:\/\/api.w.org\/{rel}","templated":true}]}}