{"id":189,"date":"2016-05-08T17:22:51","date_gmt":"2016-05-08T17:22:51","guid":{"rendered":"https:\/\/oceanwp.org\/gym\/?page_id=189"},"modified":"2022-08-20T11:02:36","modified_gmt":"2022-08-20T09:02:36","slug":"mon-parcours","status":"publish","type":"page","link":"https:\/\/rebootcoaching.eu\/index.php\/mon-parcours\/","title":{"rendered":"Mon parcours"},"content":{"rendered":"\t\t<div data-elementor-type=\"wp-page\" data-elementor-id=\"189\" class=\"elementor elementor-189\" data-elementor-settings=\"[]\">\n\t\t\t\t\t\t<div class=\"elementor-inner\">\n\t\t\t\t\t\t\t<div class=\"elementor-section-wrap\">\n\t\t\t\t\t\t\t<section class=\"elementor-section elementor-top-section elementor-element elementor-element-noyfdwx elementor-section-content-middle elementor-section-boxed elementor-section-height-default elementor-section-height-default\" data-id=\"noyfdwx\" data-element_type=\"section\" data-settings=\"{&quot;background_background&quot;:&quot;classic&quot;}\">\n\t\t\t\t\t\t<div class=\"elementor-container elementor-column-gap-default\">\n\t\t\t\t\t\t\t<div class=\"elementor-row\">\n\t\t\t\t\t<div class=\"elementor-column elementor-col-50 elementor-top-column elementor-element elementor-element-jtttojh\" data-id=\"jtttojh\" data-element_type=\"column\">\n\t\t\t<div class=\"elementor-column-wrap elementor-element-populated\">\n\t\t\t\t\t\t\t<div class=\"elementor-widget-wrap\">\n\t\t\t\t\t\t<div class=\"elementor-element elementor-element-0ddnl9z elementor-widget-mobile__width-initial elementor-widget elementor-widget-image\" data-id=\"0ddnl9z\" data-element_type=\"widget\" data-widget_type=\"image.default\">\n\t\t\t\t<div class=\"elementor-widget-container\">\n\t\t\t\t\t<div class=\"elementor-image\">\n\t\t\t\t\t\t\t\t\t\t<img src=\"https:\/\/rebootcoaching.eu\/wp-content\/uploads\/2022\/08\/pic-KT.jpg\" title=\"pic KT\" alt=\"pic KT\" \/>\t\t\t\t\t\t\t\t\t\t\t<\/div>\n\t\t\t\t<\/div>\n\t\t\t\t<\/div>\n\t\t\t\t\t\t<\/div>\n\t\t\t\t\t<\/div>\n\t\t<\/div>\n\t\t\t\t<div class=\"elementor-column elementor-col-50 elementor-top-column elementor-element elementor-element-mimo0cy\" data-id=\"mimo0cy\" data-element_type=\"column\">\n\t\t\t<div class=\"elementor-column-wrap elementor-element-populated\">\n\t\t\t\t\t\t\t<div class=\"elementor-widget-wrap\">\n\t\t\t\t\t\t<div class=\"elementor-element elementor-element-cknmqsu center-mobile elementor-widget elementor-widget-text-editor\" data-id=\"cknmqsu\" data-element_type=\"widget\" data-widget_type=\"text-editor.default\">\n\t\t\t\t<div class=\"elementor-widget-container\">\n\t\t\t\t\t<div class=\"elementor-text-editor elementor-clearfix\"><p style=\"text-align: justify;\">Le sens de l&#8217;\u00e9coute, de l&#8217;observation et la pr\u00e9sence \u00e0 l&#8217;autre font partie de mon ADN. C&#8217;est ce que je vous propose comme point de d\u00e9part pour favoriser un climat de confiance dans lequel vous pourrez entamer votre coaching en toute s\u00e9r\u00e9nit\u00e9.<\/p>\n\n<div id=\"ConnectiveDocSignExtentionInstalled\" data-extension-version=\"1.0.4\"><\/div><\/div>\n\t\t\t\t<\/div>\n\t\t\t\t<\/div>\n\t\t\t\t<div class=\"elementor-element elementor-element-967b476 elementor-position-left elementor-view-default elementor-vertical-align-top elementor-widget elementor-widget-icon-box\" data-id=\"967b476\" data-element_type=\"widget\" data-widget_type=\"icon-box.default\">\n\t\t\t\t<div class=\"elementor-widget-container\">\n\t\t\t\t\t<div class=\"elementor-icon-box-wrapper\">\n\t\t\t\t\t\t<div class=\"elementor-icon-box-icon\">\n\t\t\t\t<span class=\"elementor-icon elementor-animation-\" >\n\t\t\t\t<i aria-hidden=\"true\" class=\"fas fa-check-circle\"><\/i>\t\t\t\t<\/span>\n\t\t\t<\/div>\n\t\t\t\t\t\t<div class=\"elementor-icon-box-content\">\n\t\t\t\t<h5 class=\"elementor-icon-box-title\">\n\t\t\t\t\t<span >From Mentor to Awakener, mai 2021, Robert Dilts, Ressources, Bruxelles<span class=\"elementor-inline-editing pen\" data-elementor-setting-key=\"title_text\" data-elementor-inline-editing-toolbar=\"none\" data-pen-placeholder=\"Type Here...\" contenteditable=\"true\"><\/span><\/span>\n\t\t\t\t<\/h5>\n\t\t\t\t\t\t\t<\/div>\n\t\t<\/div>\n\t\t\t\t<\/div>\n\t\t\t\t<\/div>\n\t\t\t\t<div class=\"elementor-element elementor-element-df0c0cd elementor-position-left elementor-view-default elementor-vertical-align-top elementor-widget elementor-widget-icon-box\" data-id=\"df0c0cd\" data-element_type=\"widget\" data-widget_type=\"icon-box.default\">\n\t\t\t\t<div class=\"elementor-widget-container\">\n\t\t\t\t\t<div class=\"elementor-icon-box-wrapper\">\n\t\t\t\t\t\t<div class=\"elementor-icon-box-icon\">\n\t\t\t\t<span class=\"elementor-icon elementor-animation-\" >\n\t\t\t\t<i aria-hidden=\"true\" class=\"fas fa-check-circle\"><\/i>\t\t\t\t<\/span>\n\t\t\t<\/div>\n\t\t\t\t\t\t<div class=\"elementor-icon-box-content\">\n\t\t\t\t<h5 class=\"elementor-icon-box-title\">\n\t\t\t\t\t<span >Ma\u00eetre-Practicien en Programmation Neurolinguistique (certifi\u00e9), 2019-2020, CFIP Bruxelles\u200b<\/span>\n\t\t\t\t<\/h5>\n\t\t\t\t\t\t\t<\/div>\n\t\t<\/div>\n\t\t\t\t<\/div>\n\t\t\t\t<\/div>\n\t\t\t\t<div class=\"elementor-element elementor-element-010fed6 elementor-position-left elementor-view-default elementor-vertical-align-top elementor-widget elementor-widget-icon-box\" data-id=\"010fed6\" data-element_type=\"widget\" data-widget_type=\"icon-box.default\">\n\t\t\t\t<div class=\"elementor-widget-container\">\n\t\t\t\t\t<div class=\"elementor-icon-box-wrapper\">\n\t\t\t\t\t\t<div class=\"elementor-icon-box-icon\">\n\t\t\t\t<span class=\"elementor-icon elementor-animation-\" >\n\t\t\t\t<i aria-hidden=\"true\" class=\"fas fa-check-circle\"><\/i>\t\t\t\t<\/span>\n\t\t\t<\/div>\n\t\t\t\t\t\t<div class=\"elementor-icon-box-content\">\n\t\t\t\t<h5 class=\"elementor-icon-box-title\">\n\t\t\t\t\t<span >Team Coaching Training, 2019, Barefoot Coaching, Londres\u200b<\/span>\n\t\t\t\t<\/h5>\n\t\t\t\t\t\t\t<\/div>\n\t\t<\/div>\n\t\t\t\t<\/div>\n\t\t\t\t<\/div>\n\t\t\t\t<div class=\"elementor-element elementor-element-949adbe elementor-position-left elementor-view-default elementor-vertical-align-top elementor-widget elementor-widget-icon-box\" data-id=\"949adbe\" data-element_type=\"widget\" data-widget_type=\"icon-box.default\">\n\t\t\t\t<div class=\"elementor-widget-container\">\n\t\t\t\t\t<div class=\"elementor-icon-box-wrapper\">\n\t\t\t\t\t\t<div class=\"elementor-icon-box-icon\">\n\t\t\t\t<span class=\"elementor-icon elementor-animation-\" >\n\t\t\t\t<i aria-hidden=\"true\" class=\"fas fa-check-circle\"><\/i>\t\t\t\t<\/span>\n\t\t\t<\/div>\n\t\t\t\t\t\t<div class=\"elementor-icon-box-content\">\n\t\t\t\t<h5 class=\"elementor-icon-box-title\">\n\t\t\t\t\t<span >Positive Communication &amp; Conflict Resolution, 2019, Haptivate, Londres<\/span>\n\t\t\t\t<\/h5>\n\t\t\t\t\t\t\t<\/div>\n\t\t<\/div>\n\t\t\t\t<\/div>\n\t\t\t\t<\/div>\n\t\t\t\t<div class=\"elementor-element elementor-element-9ecb011 elementor-position-left elementor-view-default elementor-vertical-align-top elementor-widget elementor-widget-icon-box\" data-id=\"9ecb011\" data-element_type=\"widget\" data-widget_type=\"icon-box.default\">\n\t\t\t\t<div class=\"elementor-widget-container\">\n\t\t\t\t\t<div class=\"elementor-icon-box-wrapper\">\n\t\t\t\t\t\t<div class=\"elementor-icon-box-icon\">\n\t\t\t\t<span class=\"elementor-icon elementor-animation-\" >\n\t\t\t\t<i aria-hidden=\"true\" class=\"fas fa-check-circle\"><\/i>\t\t\t\t<\/span>\n\t\t\t<\/div>\n\t\t\t\t\t\t<div class=\"elementor-icon-box-content\">\n\t\t\t\t<h5 class=\"elementor-icon-box-title\">\n\t\t\t\t\t<span >Praticien en Programmation Neurolinguistique (Certifi\u00e9), 2018-2019, CFIP, Bruxelles<\/span>\n\t\t\t\t<\/h5>\n\t\t\t\t\t\t\t<\/div>\n\t\t<\/div>\n\t\t\t\t<\/div>\n\t\t\t\t<\/div>\n\t\t\t\t<div class=\"elementor-element elementor-element-22bf2d6 elementor-position-left elementor-view-default elementor-vertical-align-top elementor-widget elementor-widget-icon-box\" data-id=\"22bf2d6\" data-element_type=\"widget\" data-widget_type=\"icon-box.default\">\n\t\t\t\t<div class=\"elementor-widget-container\">\n\t\t\t\t\t<div class=\"elementor-icon-box-wrapper\">\n\t\t\t\t\t\t<div class=\"elementor-icon-box-icon\">\n\t\t\t\t<span class=\"elementor-icon elementor-animation-\" >\n\t\t\t\t<i aria-hidden=\"true\" class=\"fas fa-check-circle\"><\/i>\t\t\t\t<\/span>\n\t\t\t<\/div>\n\t\t\t\t\t\t<div class=\"elementor-icon-box-content\">\n\t\t\t\t<h5 class=\"elementor-icon-box-title\">\n\t\t\t\t\t<span >Technicien en Programmation Neurolinguistique, 2018, CFIP, Bruxelles\u200b<\/span>\n\t\t\t\t<\/h5>\n\t\t\t\t\t\t\t<\/div>\n\t\t<\/div>\n\t\t\t\t<\/div>\n\t\t\t\t<\/div>\n\t\t\t\t<div class=\"elementor-element elementor-element-18abace elementor-position-left elementor-view-default elementor-vertical-align-top elementor-widget elementor-widget-icon-box\" data-id=\"18abace\" data-element_type=\"widget\" data-widget_type=\"icon-box.default\">\n\t\t\t\t<div class=\"elementor-widget-container\">\n\t\t\t\t\t<div class=\"elementor-icon-box-wrapper\">\n\t\t\t\t\t\t<div class=\"elementor-icon-box-icon\">\n\t\t\t\t<span class=\"elementor-icon elementor-animation-\" >\n\t\t\t\t<i aria-hidden=\"true\" class=\"fas fa-check-circle\"><\/i>\t\t\t\t<\/span>\n\t\t\t<\/div>\n\t\t\t\t\t\t<div class=\"elementor-icon-box-content\">\n\t\t\t\t<h5 class=\"elementor-icon-box-title\">\n\t\t\t\t\t<span >Coach Professionnel, 2013-2014, <!--[if gte mso 9]><xml>\n <o:OfficeDocumentSettings>\n  <o:AllowPNG\/>\n <\/o:OfficeDocumentSettings>\n<\/xml><![endif]--><!--[if gte mso 9]><xml>\n <w:WordDocument>\n  <w:View>Normal<\/w:View>\n  <w:Zoom>0<\/w:Zoom>\n  <w:TrackMoves\/>\n  <w:TrackFormatting\/>\n  <w:PunctuationKerning\/>\n  <w:ValidateAgainstSchemas\/>\n  <w:SaveIfXMLInvalid>false<\/w:SaveIfXMLInvalid>\n  <w:IgnoreMixedContent>false<\/w:IgnoreMixedContent>\n  <w:AlwaysShowPlaceholderText>false<\/w:AlwaysShowPlaceholderText>\n  <w:DoNotPromoteQF\/>\n  <w:LidThemeOther>EN-GB<\/w:LidThemeOther>\n  <w:LidThemeAsian>X-NONE<\/w:LidThemeAsian>\n  <w:LidThemeComplexScript>X-NONE<\/w:LidThemeComplexScript>\n  <w:Compatibility>\n   <w:BreakWrappedTables\/>\n   <w:SnapToGridInCell\/>\n   <w:WrapTextWithPunct\/>\n   <w:UseAsianBreakRules\/>\n   <w:DontGrowAutofit\/>\n   <w:SplitPgBreakAndParaMark\/>\n   <w:EnableOpenTypeKerning\/>\n   <w:DontFlipMirrorIndents\/>\n   <w:OverrideTableStyleHps\/>\n  <\/w:Compatibility>\n  <m:mathPr>\n   <m:mathFont m:val=\"Cambria Math\"\/>\n   <m:brkBin m:val=\"before\"\/>\n   <m:brkBinSub m:val=\"&#45;-\"\/>\n   <m:smallFrac m:val=\"off\"\/>\n   <m:dispDef\/>\n   <m:lMargin m:val=\"0\"\/>\n   <m:rMargin m:val=\"0\"\/>\n   <m:defJc m:val=\"centerGroup\"\/>\n   <m:wrapIndent m:val=\"1440\"\/>\n   <m:intLim m:val=\"subSup\"\/>\n   <m:naryLim m:val=\"undOvr\"\/>\n  <\/m:mathPr><\/w:WordDocument>\n<\/xml><![endif]-->Coaching Ways, Bruxelles<\/span>\n\t\t\t\t<\/h5>\n\t\t\t\t\t\t\t<\/div>\n\t\t<\/div>\n\t\t\t\t<\/div>\n\t\t\t\t<\/div>\n\t\t\t\t\t\t<\/div>\n\t\t\t\t\t<\/div>\n\t\t<\/div>\n\t\t\t\t\t\t\t\t<\/div>\n\t\t\t\t\t<\/div>\n\t\t<\/section>\n\t\t\t\t<section class=\"elementor-section elementor-top-section elementor-element elementor-element-aca7987 elementor-section-boxed elementor-section-height-default elementor-section-height-default\" data-id=\"aca7987\" data-element_type=\"section\" data-settings=\"{&quot;background_background&quot;:&quot;classic&quot;}\">\n\t\t\t\t\t\t<div class=\"elementor-container elementor-column-gap-default\">\n\t\t\t\t\t\t\t<div class=\"elementor-row\">\n\t\t\t\t\t<div class=\"elementor-column elementor-col-25 elementor-top-column elementor-element elementor-element-cb3d6a3\" data-id=\"cb3d6a3\" data-element_type=\"column\">\n\t\t\t<div class=\"elementor-column-wrap\">\n\t\t\t\t\t\t\t<div class=\"elementor-widget-wrap\">\n\t\t\t\t\t\t\t\t<\/div>\n\t\t\t\t\t<\/div>\n\t\t<\/div>\n\t\t\t\t<div class=\"elementor-column elementor-col-25 elementor-top-column elementor-element elementor-element-6122dae\" data-id=\"6122dae\" data-element_type=\"column\">\n\t\t\t<div class=\"elementor-column-wrap\">\n\t\t\t\t\t\t\t<div class=\"elementor-widget-wrap\">\n\t\t\t\t\t\t\t\t<\/div>\n\t\t\t\t\t<\/div>\n\t\t<\/div>\n\t\t\t\t<div class=\"elementor-column elementor-col-25 elementor-top-column elementor-element elementor-element-bb11a79\" data-id=\"bb11a79\" data-element_type=\"column\">\n\t\t\t<div class=\"elementor-column-wrap elementor-element-populated\">\n\t\t\t\t\t\t\t<div class=\"elementor-widget-wrap\">\n\t\t\t\t\t\t<div class=\"elementor-element elementor-element-f4d709e elementor-widget-mobile__width-initial elementor-widget elementor-widget-image\" data-id=\"f4d709e\" data-element_type=\"widget\" data-widget_type=\"image.default\">\n\t\t\t\t<div class=\"elementor-widget-container\">\n\t\t\t\t\t<div class=\"elementor-image\">\n\t\t\t\t\t\t\t\t\t\t<img width=\"150\" height=\"150\" src=\"https:\/\/rebootcoaching.eu\/wp-content\/uploads\/2022\/03\/ICF_Member-150x150.png\" class=\"attachment-thumbnail size-thumbnail\" alt=\"\" loading=\"lazy\" srcset=\"https:\/\/rebootcoaching.eu\/wp-content\/uploads\/2022\/03\/ICF_Member-150x150.png 150w, https:\/\/rebootcoaching.eu\/wp-content\/uploads\/2022\/03\/ICF_Member-300x300.png 300w, https:\/\/rebootcoaching.eu\/wp-content\/uploads\/2022\/03\/ICF_Member.png 340w\" sizes=\"(max-width: 150px) 100vw, 150px\" \/>\t\t\t\t\t\t\t\t\t\t\t<\/div>\n\t\t\t\t<\/div>\n\t\t\t\t<\/div>\n\t\t\t\t\t\t<\/div>\n\t\t\t\t\t<\/div>\n\t\t<\/div>\n\t\t\t\t<div class=\"elementor-column elementor-col-25 elementor-top-column elementor-element elementor-element-d31d2bc\" data-id=\"d31d2bc\" data-element_type=\"column\">\n\t\t\t<div class=\"elementor-column-wrap elementor-element-populated\">\n\t\t\t\t\t\t\t<div class=\"elementor-widget-wrap\">\n\t\t\t\t\t\t<div class=\"elementor-element elementor-element-f8a17e7 elementor-widget-mobile__width-initial elementor-widget elementor-widget-image\" data-id=\"f8a17e7\" data-element_type=\"widget\" data-widget_type=\"image.default\">\n\t\t\t\t<div class=\"elementor-widget-container\">\n\t\t\t\t\t<div class=\"elementor-image\">\n\t\t\t\t\t\t\t\t\t\t<img src=\"https:\/\/rebootcoaching.eu\/wp-content\/uploads\/2022\/03\/in-300x207-2.png\" title=\"in-300&#215;207\" alt=\"in-300x207\" \/>\t\t\t\t\t\t\t\t\t\t\t<\/div>\n\t\t\t\t<\/div>\n\t\t\t\t<\/div>\n\t\t\t\t\t\t<\/div>\n\t\t\t\t\t<\/div>\n\t\t<\/div>\n\t\t\t\t\t\t\t\t<\/div>\n\t\t\t\t\t<\/div>\n\t\t<\/section>\n\t\t\t\t\t\t<\/div>\n\t\t\t\t\t\t<\/div>\n\t\t\t\t\t<\/div>\n\t\t","protected":false},"excerpt":{"rendered":"<p>Le sens de l&#8217;\u00e9coute, de l&#8217;observation et la pr\u00e9sence \u00e0 l&#8217;autre font partie de mon ADN. C&#8217;est ce que je vous propose comme point de d\u00e9part pour favoriser un climat de confiance dans lequel vous pourrez entamer votre coaching en toute s\u00e9r\u00e9nit\u00e9. From Mentor to Awakener, mai 2021, Robert Dilts, Ressources, Bruxelles Ma\u00eetre-Practicien en Programmation [&hellip;]<\/p>\n","protected":false},"author":1,"featured_media":0,"parent":0,"menu_order":0,"comment_status":"closed","ping_status":"closed","template":"","meta":{"_monsterinsights_skip_tracking":false,"_monsterinsights_sitenote_active":false,"_monsterinsights_sitenote_note":"","_monsterinsights_sitenote_category":0},"_links":{"self":[{"href":"https:\/\/rebootcoaching.eu\/index.php\/wp-json\/wp\/v2\/pages\/189"}],"collection":[{"href":"https:\/\/rebootcoaching.eu\/index.php\/wp-json\/wp\/v2\/pages"}],"about":[{"href":"https:\/\/rebootcoaching.eu\/index.php\/wp-json\/wp\/v2\/types\/page"}],"author":[{"embeddable":true,"href":"https:\/\/rebootcoaching.eu\/index.php\/wp-json\/wp\/v2\/users\/1"}],"replies":[{"embeddable":true,"href":"https:\/\/rebootcoaching.eu\/index.php\/wp-json\/wp\/v2\/comments?post=189"}],"version-history":[{"count":143,"href":"https:\/\/rebootcoaching.eu\/index.php\/wp-json\/wp\/v2\/pages\/189\/revisions"}],"predecessor-version":[{"id":1457,"href":"https:\/\/rebootcoaching.eu\/index.php\/wp-json\/wp\/v2\/pages\/189\/revisions\/1457"}],"wp:attachment":[{"href":"https:\/\/rebootcoaching.eu\/index.php\/wp-json\/wp\/v2\/media?parent=189"}],"curies":[{"name":"wp","href":"https:\/\/api.w.org\/{rel}","templated":true}]}}